{"id":38,"date":"2025-03-24T19:53:44","date_gmt":"2025-03-24T18:53:44","guid":{"rendered":"https:\/\/benlogic.de\/?page_id=38"},"modified":"2025-04-01T22:53:02","modified_gmt":"2025-04-01T20:53:02","slug":"mehr","status":"publish","type":"page","link":"https:\/\/benlogic.de\/index.php\/mehr\/","title":{"rendered":"Mehr entdecken"},"content":{"rendered":"\n<h2 class=\"wp-block-heading\">Wie das funktioniert?<\/h2>\n\n\n\n<div id=\"wp-block-themeisle-blocks-timeline-2d484c30\" class=\"wp-block-themeisle-blocks-timeline\"><div class=\"o-timeline-root\">\n<div id=\"wp-block-themeisle-blocks-timeline-item-918d6f4a\" class=\"wp-block-themeisle-blocks-timeline-item\"><div class=\"o-timeline-container\"><div class=\"o-timeline-icon\"><i class=\"fas fa-circle\"><\/i><\/div><div class=\"o-timeline-content\">\n<p class=\"has-small-font-size\"><\/p>\n\n\n\n<div id=\"wp-block-themeisle-blocks-font-awesome-icons-f32e03fa\" class=\"wp-block-themeisle-blocks-font-awesome-icons\"><span class=\"wp-block-themeisle-blocks-font-awesome-icons-container\"><i class=\"fas fa-mail-bulk\"><\/i><\/span><\/div>\n\n\n\n<p>Sie bestellen einen Mystery Check direkt auf unserer Website oder kontaktieren uns \u00fcber das Formular, um das genaue Paket zu vereinbaren, das Sie interessiert<br><\/p>\n<\/div><\/div><\/div>\n\n\n\n<div id=\"wp-block-themeisle-blocks-timeline-item-dcb69382\" class=\"wp-block-themeisle-blocks-timeline-item\"><div class=\"o-timeline-container\"><div class=\"o-timeline-icon\"><i class=\"fas fa-circle\"><\/i><\/div><div class=\"o-timeline-content\">\n<p class=\"has-small-font-size\"><\/p>\n\n\n\n<div id=\"wp-block-themeisle-blocks-font-awesome-icons-1633ebbe\" class=\"wp-block-themeisle-blocks-font-awesome-icons\"><span class=\"wp-block-themeisle-blocks-font-awesome-icons-container\"><i class=\"fas fa-store-alt\"><\/i><\/span><\/div>\n\n\n\n<p>Unser Mystery shopper treten als regul\u00e4re Kunden den Laden auf und \u00fcberpr\u00fcfen verschiedene Aspekte des Kundenerlebnisses, wie Servicequalit\u00e4t, Freundlichkeit des Personals, Sauberkeit oder Einhaltung von Unternehmensstandards.<\/p>\n<\/div><\/div><\/div>\n\n\n\n<div id=\"wp-block-themeisle-blocks-timeline-item-5d111e0e\" class=\"wp-block-themeisle-blocks-timeline-item\"><div class=\"o-timeline-container\"><div class=\"o-timeline-icon\"><i class=\"fas fa-circle\"><\/i><\/div><div class=\"o-timeline-content\">\n<p class=\"has-small-font-size\"><\/p>\n\n\n\n<div id=\"wp-block-themeisle-blocks-font-awesome-icons-8d6f38f6\" class=\"wp-block-themeisle-blocks-font-awesome-icons\"><span class=\"wp-block-themeisle-blocks-font-awesome-icons-container\"><i class=\"fas fa-file-pdf\"><\/i><\/span><\/div>\n\n\n\n<h3 class=\"wp-block-heading\"><\/h3>\n\n\n\n<p>Die Ergebnisse werden anschlie\u00dfend in einem PDF Bericht zusammengefasst und ihnen per E-mail zur Verf\u00fcgung gestellt, um Verbesserungsm\u00f6glichkeiten zu identifizieren<\/p>\n<\/div><\/div><\/div>\n\n\n\n<div id=\"wp-block-themeisle-blocks-timeline-item-f1f21789\" class=\"wp-block-themeisle-blocks-timeline-item\"><div class=\"o-timeline-container\"><div class=\"o-timeline-icon\"><i class=\"fas fa-circle\"><\/i><\/div><div class=\"o-timeline-content\">\n<p class=\"has-small-font-size\"><\/p>\n\n\n\n<div id=\"wp-block-themeisle-blocks-font-awesome-icons-d879a7c7\" class=\"wp-block-themeisle-blocks-font-awesome-icons\"><span class=\"wp-block-themeisle-blocks-font-awesome-icons-container\"><i class=\"fas fa-cash-register\"><\/i><\/span><\/div>\n\n\n\n<p>Sie bekommen von uns die Rechnung per E-Mail zugeschickt und entscheiden, ob Sie den Test nach einer gewissen Zeit wiederholen m\u00f6chten. Dies hilft festzustellen, ob die nach dem letzten Test ergriffenen Ma\u00dfnahmen das gew\u00fcnschte Ergebnis erzielt haben<br><\/p>\n<\/div><\/div><\/div>\n<\/div><\/div>\n\n\n\n<p class=\"animated backInDown o-anim-hover\"><\/p>\n\n\n\n<div id=\"wp-block-themeisle-blocks-advanced-columns-bb51865e\" class=\"wp-block-themeisle-blocks-advanced-columns alignfull has-2-columns has-desktop-equal-layout has-tablet-equal-layout has-mobile-collapsedRows-layout has-vertical-center has-dark-bg\"><div class=\"wp-block-themeisle-blocks-advanced-columns-overlay\"><\/div><div class=\"innerblocks-wrap\">\n<div id=\"wp-block-themeisle-blocks-advanced-column-82cb1100\" class=\"wp-block-themeisle-blocks-advanced-column\">\n<h2 class=\"wp-block-heading has-text-color\" style=\"color:#ffffff;font-size:42px\">Temperatur check<\/h2>\n\n\n\n<p class=\"has-text-color\" style=\"color:#ffffff\">Dank unserer Erfahrung in der Qualit\u00e4tskontrolle bieten wir ihnen auch zus\u00e4tzliche Optionen an, wie z. B. Temperaturkontrolle in den Tiefk\u00fchlschr\u00e4nken, Fleisch-, Gefl\u00fcgel-, Convinience- K\u00fchlschr\u00e4nken, oder stichprobenartige MHD Kontrollen f\u00fcr Artikel, deren Verfallsdatum schnell \u00fcberschritten werden kann.&nbsp;<\/p>\n<\/div>\n\n\n\n<div id=\"wp-block-themeisle-blocks-advanced-column-daf82ac0\" class=\"wp-block-themeisle-blocks-advanced-column\">\n<figure class=\"wp-block-image ticss-ed90fdbb\"><img loading=\"lazy\" decoding=\"async\" width=\"750\" height=\"499\" src=\"https:\/\/benlogic.de\/wp-content\/uploads\/2025\/04\/IMG_0024.jpeg\" alt=\"\" class=\"wp-image-66\" srcset=\"https:\/\/benlogic.de\/wp-content\/uploads\/2025\/04\/IMG_0024.jpeg 750w, https:\/\/benlogic.de\/wp-content\/uploads\/2025\/04\/IMG_0024-300x200.jpeg 300w\" sizes=\"auto, (max-width: 750px) 100vw, 750px\" \/><\/figure>\n<\/div>\n<\/div><\/div>\n\n\n\n<div id=\"wp-block-themeisle-blocks-advanced-columns-784450ff\" class=\"wp-block-themeisle-blocks-advanced-columns alignfull has-1-columns has-desktop-equal-layout has-tablet-equal-layout has-mobile-collapsedRows-layout has-vertical-center ticss-c00aadba\"><div class=\"wp-block-themeisle-blocks-advanced-columns-overlay\"><\/div><div class=\"innerblocks-wrap\">\n<div id=\"wp-block-themeisle-blocks-advanced-column-d0fbfc0a\" class=\"wp-block-themeisle-blocks-advanced-column\">\n<div id=\"wp-block-themeisle-blocks-advanced-columns-f32a2609\" class=\"wp-block-themeisle-blocks-advanced-columns has-1-columns has-desktop-equal-layout has-tablet-equal-layout has-mobile-equal-layout has-vertical-center\"><div class=\"wp-block-themeisle-blocks-advanced-columns-overlay\"><\/div><div class=\"innerblocks-wrap\">\n<div id=\"wp-block-themeisle-blocks-advanced-column-3567d86b\" class=\"wp-block-themeisle-blocks-advanced-column\">\n<h2 id=\"wp-block-themeisle-blocks-advanced-heading-d5f71f32\" class=\"wp-block-themeisle-blocks-advanced-heading wp-block-themeisle-blocks-advanced-heading-d5f71f32\"> Was unterscheidet uns von anderen Mystery Shopping Unternehmen?<\/h2>\n\n\n\n<p class=\"has-text-align-center\">This is a section description<\/p>\n<\/div>\n<\/div><\/div>\n\n\n\n<div id=\"wp-block-themeisle-blocks-advanced-columns-8085ff1f\" class=\"wp-block-themeisle-blocks-advanced-columns has-3-columns has-desktop-equal-layout has-tablet-equal-layout has-mobile-collapsedRows-layout has-vertical-top\"><div class=\"wp-block-themeisle-blocks-advanced-columns-overlay\"><\/div><div class=\"innerblocks-wrap\">\n<div id=\"wp-block-themeisle-blocks-advanced-column-dfb15c39\" class=\"wp-block-themeisle-blocks-advanced-column\">\n<div id=\"wp-block-themeisle-blocks-font-awesome-icons-c5fd27f1\" class=\"wp-block-themeisle-blocks-font-awesome-icons\"><span class=\"wp-block-themeisle-blocks-font-awesome-icons-container\"><svg xmlns=\"http:\/\/www.w3.org\/2000\/svg\" viewBox=\"0 0 1800 1800\"><path d=\"M872.831,1326.446c-1.999,0.113-3.853-0.183-5.733-0.53c-6.064-1.076-11.863-3.945-16.53-8.611 l-514.859-514.86c-5.852-5.855-9.138-13.792-9.138-22.068c0-8.275,3.287-16.212,9.142-22.067L455.5,638.535 c12.189-12.185,31.954-12.185,44.126,0l373.109,373.1l727.884-727.89c12.189-12.185,31.949-12.185,44.131,0l119.788,119.784 c5.855,5.851,9.142,13.792,9.142,22.067s-3.286,16.212-9.137,22.063l-869.649,869.645 C889.043,1323.155,881.106,1326.446,872.831,1326.446z M401.905,780.377l470.825,470.83l825.614-825.61l-75.657-75.653 l-727.885,727.889c-12.19,12.186-31.95,12.186-44.13,0L477.563,704.729L401.905,780.377z\"><\/path><path d=\"M1692.376,662.67c22.568,75.209,34.758,154.872,34.758,237.334c0,456.08-371.054,827.129-827.138,827.129 c-456.08,0-827.129-371.05-827.129-827.129c0-456.084,371.049-827.138,827.129-827.138c213.186,0,407.787,81.086,554.605,214.022 l44.161-44.165C1340.604,98.513,1130.391,10.456,899.996,10.456c-490.494,0-889.54,399.051-889.54,889.548 s399.046,889.54,889.54,889.54c490.498,0,889.548-399.042,889.548-889.54c0-100.372-16.734-196.909-47.517-286.985 L1692.376,662.67z\"><\/path><\/svg><\/span><\/div>\n\n\n\n<h3 id=\"wp-block-themeisle-blocks-advanced-heading-3147d135\" class=\"wp-block-themeisle-blocks-advanced-heading wp-block-themeisle-blocks-advanced-heading-3147d135\">Erfahrung<\/h3>\n\n\n\n<p class=\"has-text-align-center\">Wir verf\u00fcgen \u00fcber Erfahrung sowohl als Myster Shopper, als auch im Lebensmittellabor. Dies erm\u00f6glicht uns, auf Details zu achten, an die andere Testk\u00e4ufer nicht denken.<\/p>\n\n\n\n<div class=\"wp-block-buttons is-vertical is-content-justification-center is-layout-flex wp-container-core-buttons-is-layout-9f5e29b6 wp-block-buttons-is-layout-flex\"><\/div>\n<\/div>\n\n\n\n<div id=\"wp-block-themeisle-blocks-advanced-column-ec09b220\" class=\"wp-block-themeisle-blocks-advanced-column ticss-ec09b220\">\n<div id=\"wp-block-themeisle-blocks-font-awesome-icons-1225333d\" class=\"wp-block-themeisle-blocks-font-awesome-icons\"><span class=\"wp-block-themeisle-blocks-font-awesome-icons-container\"><svg xmlns=\"http:\/\/www.w3.org\/2000\/svg\" viewBox=\"0 0 1800 1800\"><path d=\"M886.355,871.67h53.495c10.102,0,18.296-8.19,18.296-18.292c0-10.102-8.194-18.297-18.296-18.297h-35.2 v-85.604c0-10.104-8.188-18.294-18.294-18.294c-10.102,0-18.29,8.19-18.29,18.294v103.901 C868.065,863.479,876.253,871.67,886.355,871.67z\"><\/path><path d=\"M1023.146,976.574c8.168-5.93,9.996-17.364,4.066-25.551c-5.922-8.177-17.373-10.006-25.551-4.066 c-101.739,73.761-199.976,3.223-204.197,0.113c-8.101-6-19.54-4.328-25.57,3.771c-6.033,8.099-4.352,19.56,3.747,25.603 c0.814,0.602,55.267,40.208,128.108,40.208C940.389,1016.651,981.693,1006.637,1023.146,976.574z\"><\/path><path d=\"M722.023,669.317c-21.604,0-39.12,24.242-39.12,54.165c0,29.916,17.517,54.171,39.12,54.171 c21.606,0,39.121-24.256,39.121-54.171C761.145,693.56,743.629,669.317,722.023,669.317z\"><\/path><path d=\"M787.496,653.241c8.102,5.977,19.524,4.298,25.547-3.792c6.03-8.101,4.352-19.559-3.751-25.594 c-29.785-22.174-104.559-50.742-174.351-0.139c-8.179,5.93-10.004,17.371-4.074,25.546c3.577,4.936,9.162,7.559,14.827,7.559 c3.721,0,7.478-1.13,10.72-3.485C721.58,606.091,784.808,651.267,787.496,653.241z\"><\/path><path d=\"M1056.352,669.317c-21.615,0-39.127,24.242-39.127,54.165c0,29.916,17.512,54.171,39.127,54.171 c21.597,0,39.118-24.256,39.118-54.171C1095.47,693.56,1077.948,669.317,1056.352,669.317z\"><\/path><path d=\"M990.863,653.241c2.665-1.942,65.915-47.15,131.09,0.094c3.248,2.355,7.001,3.485,10.719,3.485 c5.67,0,11.252-2.623,14.831-7.559c5.931-8.175,4.11-19.616-4.075-25.546c-69.808-50.607-144.57-22.039-174.353,0.139 c-8.082,6.016-9.745,17.411-3.763,25.516C971.295,657.476,982.738,659.191,990.863,653.241z\"><\/path><path d=\"M1044.421,1241.034v-73.482c144.013-55.917,249.028-190.594,261.882-350.876 c54.584-8.121,96.594-55.29,96.594-112.094c0-52.986-36.558-97.585-85.777-109.929c9.814-23.683,17.381-48.378,22.441-73.552 c22.416-111.207-3.248-225.034-72.289-320.511c-68.475-94.707-171.558-160.041-290.254-183.967 c-32.013-6.448-64.617-9.723-96.897-9.723c-101.613,0-200.664,32.694-278.898,92.055 c-79.953,60.67-134.599,146.725-153.866,242.316c-15.827,78.522-7.48,159.771,24.14,234.966l7.215,17.158 c-52.042,10.239-91.424,56.193-91.424,111.192c0,57.297,42.746,104.765,98.016,112.271 c13.167,163.313,122.008,300.019,270.279,353.863v70.313c-293.228,54.776-503.231,269.911-503.231,520.054v32.013h184.187v-64.025 H317.726c13.115-155.446,121.035-292.501,281.221-370.137l163.441,370.137H604.229v-188.913v-1.533 c0-16.833-14.332-30.479-32.015-30.479c-17.681,0-32.013,13.646-32.013,30.479v1.533v188.913v19.855v12.157v32.013h1007.448 v-32.013C1547.649,1510.945,1337.645,1295.811,1044.421,1241.034z M930.688,1458.755l-21.867,237.567h-26.049l-21.862-237.567 l34.886-28.459L930.688,1458.755z M797.781,1471.487l20.835,226.429l-84.098-190.454L797.781,1471.487z M993.72,1472.462l61.543,35 l-81.808,185.281L993.72,1472.462z M1081.258,1448.584l-121.021-68.823l84.185-46.617v-26.892 c30.759,6.287,60.437,14.517,88.879,24.479L1081.258,1448.584z M1338.872,704.582c0,20.803-12.967,38.599-31.229,45.833v-81.098 v-10.562C1325.905,665.991,1338.872,683.786,1338.872,704.582z M510.122,353.917C543.173,189.945,698.781,70.929,880.12,70.929 c28.048,0,56.385,2.843,84.252,8.462c102.856,20.733,192.005,77.098,251.014,158.712c58.452,80.838,80.267,176.85,61.413,270.353 c-2.422,12.005-5.504,23.879-9.232,35.546c-74.684-38.646-176.441-81.161-283.574-95.821 c-187.071-25.595-203.602-35.866-221.686-88.241l-15.614-45.238L710.842,346.4c-1.075,0.954-97.289,85.933-194.556,164.338 C501.821,459.388,499.642,405.905,510.122,353.917z M451.313,704.587c0-21.33,13.638-39.487,32.631-46.347v11.077v81.614 C464.951,744.071,451.313,725.916,451.313,704.587z M547.972,783.466V669.317V636.07v-68.66 c67.086-53.777,134.851-111.775,173.301-145.113c36.729,56.681,103.2,68.686,254.046,89.32 c104.311,14.275,205.434,59.292,268.301,92.136v32.317v33.247v114.148c0,191.785-156.039,347.824-347.824,347.824 C704.004,1131.29,547.972,975.251,547.972,783.466z M895.795,1195.314c28.988,0,57.282-3.03,84.592-8.752v44.335v37.194v27.318 l-80.547,44.613l-80.231-44.588v-27.344v-37.194v-42.681C844.309,1192.858,869.77,1195.314,895.795,1195.314z M755.582,1306.252 v26.857l78.91,43.838l-125.97,71.637l-50.614-114.622C689.021,1322.563,721.623,1313.192,755.582,1306.252z M1249.584,1729.075 v-190.446c0-16.833-14.334-30.479-32.012-30.479c-17.688,0-32.014,13.646-32.014,30.479v190.446h-158.163l165.243-374.213 c164.844,76.87,276.295,216.041,289.637,374.213H1249.584z\"><\/path><\/svg><\/span><\/div>\n\n\n\n<h3 id=\"wp-block-themeisle-blocks-advanced-heading-869a9c1f\" class=\"wp-block-themeisle-blocks-advanced-heading wp-block-themeisle-blocks-advanced-heading-869a9c1f\">Keine Agentur<\/h3>\n\n\n\n<p class=\"has-text-align-center\">Wir sind keine Mystery-Shopping-Agentur. Unsere Tester sind direkt in unserem Unternehmen angestellt, was uns erm\u00f6glicht, schnell auf Ver\u00e4nderungen zu reagieren und sicherzustellen, dass die Berichte aus verschiedenen Filialen einheitlich sind.<\/p>\n\n\n\n<div class=\"wp-block-buttons is-vertical is-content-justification-center is-layout-flex wp-container-core-buttons-is-layout-9f5e29b6 wp-block-buttons-is-layout-flex\"><\/div>\n<\/div>\n\n\n\n<div id=\"wp-block-themeisle-blocks-advanced-column-adbc5601\" class=\"wp-block-themeisle-blocks-advanced-column\">\n<div id=\"wp-block-themeisle-blocks-font-awesome-icons-2851bd4e\" class=\"wp-block-themeisle-blocks-font-awesome-icons\"><span class=\"wp-block-themeisle-blocks-font-awesome-icons-container\"><svg xmlns=\"http:\/\/www.w3.org\/2000\/svg\" viewBox=\"0 0 1800 1800\"><path d=\"M1170.537,1120.229l-178.391-25.926l-79.759-161.635c-5.272-10.681-16.147-17.441-28.059-17.441 c-11.906,0-22.783,6.761-28.056,17.441l-79.776,161.63l-178.386,25.931c-11.785,1.711-21.574,9.964-25.253,21.29 c-3.68,11.326-0.611,23.761,7.917,32.071l129.084,125.823l-30.474,177.653c-2.013,11.736,2.811,23.6,12.447,30.601 c9.633,6.991,22.404,7.926,32.944,2.383l159.553-83.88l159.547,83.88c4.573,2.404,9.575,3.592,14.552,3.592 c6.494,0,12.945-2.017,18.393-5.975c9.637-7.001,14.464-18.864,12.447-30.601l-30.465-177.657l129.07-125.819 c8.529-8.314,11.593-20.745,7.918-32.071C1192.107,1130.192,1182.321,1121.939,1170.537,1120.229z M1003.346,1266.085 c-7.376,7.188-10.736,17.541-9,27.693l22.539,131.389l-117.999-62.035c-4.557-2.396-9.555-3.592-14.557-3.592 c-5.001,0-9.999,1.196-14.556,3.592l-118.002,62.035l22.539-131.389c1.741-10.152-1.624-20.505-9-27.693l-95.467-93.054 l131.929-19.178c10.188-1.479,19-7.879,23.556-17.109l59-119.543l58.995,119.538c4.547,9.235,13.355,15.635,23.551,17.114 l131.934,19.178L1003.346,1266.085z\"><\/path><path d=\"M1784.612,23.339c-5.569-9.776-15.948-15.813-27.191-15.813h-462.282c-11.183,0-21.51,5.966-27.096,15.652 L913.897,637.144c-9.349-0.476-18.752-0.711-28.211-0.733L531.961,23.178c-5.587-9.686-15.918-15.652-27.1-15.652H42.58 c-11.247,0-21.626,6.037-27.191,15.813c-5.561,9.772-5.451,21.779,0.292,31.451l451.452,759.959 c-99.576,103.891-160.847,244.763-160.847,399.686c0,318.734,259.309,578.041,578.039,578.041 c318.728,0,578.03-259.307,578.03-578.041c0-144.814-53.537-277.354-141.842-378.884L1784.315,54.79 C1790.06,45.118,1790.173,33.111,1784.612,23.339z M97.553,70.097h389.239l329.004,570.376 c-114.047,13.535-218.012,60.385-301.861,130.55L97.553,70.097z M1399.784,1214.435c0,284.232-231.237,515.47-515.459,515.47 c-284.229,0-515.468-231.237-515.468-515.47c0-131.891,49.815-252.35,131.586-343.609c14.351-16.018,29.67-31.146,45.89-45.261 c82.522-71.82,188.032-117.836,303.869-125.443c9.267-0.607,18.598-0.969,27.991-1.078c2.042-0.026,4.081-0.079,6.132-0.079 c12.871,0,25.627,0.489,38.267,1.423c8.59,0.629,17.127,1.48,25.594,2.532c113.699,14.115,216.014,65.408,294.402,141.287 c15.678,15.176,30.387,31.329,44.048,48.369C1357.395,980.84,1399.784,1092.771,1399.784,1214.435z M1275.322,789.106 c-80.282-73.867-181.454-125.339-293.529-144.451l331.414-574.558h389.236L1275.322,789.106z\"><\/path><\/svg><\/span><\/div>\n\n\n\n<h3 id=\"wp-block-themeisle-blocks-advanced-heading-bacc3ab4\" class=\"wp-block-themeisle-blocks-advanced-heading wp-block-themeisle-blocks-advanced-heading-bacc3ab4\">Zerfitiziert<\/h3>\n\n\n\n<p class=\"has-text-align-center\">Unsere Mitarbeiter verf\u00fcgen \u00fcber MSPA Europa (Mystery Shopping Professionals Association) Zertifikate, um die Konsistenz und beste m\u00f6gliche Qualit\u00e4t der durchgef\u00fchrten Tests sicherzustellen.<\/p>\n\n\n\n<div class=\"wp-block-buttons is-vertical is-content-justification-center is-layout-flex wp-container-core-buttons-is-layout-9f5e29b6 wp-block-buttons-is-layout-flex\"><\/div>\n<\/div>\n<\/div><\/div>\n<\/div>\n<\/div><\/div>\n\n\n\n<div class=\"wp-block-media-text alignwide has-media-on-the-right is-stacked-on-mobile is-vertically-aligned-center has-background\" style=\"background-color:#f1f5c7\"><div class=\"wp-block-media-text__content\">\n<div class=\"wp-block-group is-layout-flow wp-block-group-is-layout-flow\" style=\"padding-top:2em;padding-right:2em;padding-bottom:2em;padding-left:2em\">\n<p style=\"font-size:36px;line-height:1.2\"><strong>Wir kennen das aus der Erfahrung:<\/strong><\/p>\n\n\n\n<p class=\"has-extra-small-font-size\">Der Kunde schlie\u00dft einen Vertrag mit einer Agentur ab, die Agentur ver\u00f6ffentlicht eine Stellenanzeige auf ihrer Website, dann f\u00fchrt eine zuf\u00e4llige Person, oft ohne Erfahrung, den Test durch, f\u00fcllt eine Tabelle oder ein Formular aus, dieses wird zu einem Bericht verarbeitet und dem Kunden \u00fcbergeben.<\/p>\n<\/div>\n<\/div><figure class=\"wp-block-media-text__media\"><img decoding=\"async\" src=\"https:\/\/s.w.org\/patterns\/files\/2021\/06\/pear-1-1024x1024.png\" alt=\"\" class=\"wp-image-5263 size-full\"\/><\/figure><\/div>\n\n\n\n<div class=\"wp-block-media-text alignwide is-stacked-on-mobile is-vertically-aligned-center has-background\" style=\"background-color:#fffdea\"><figure class=\"wp-block-media-text__media\"><img decoding=\"async\" src=\"https:\/\/s.w.org\/patterns\/files\/2021\/06\/pear-half-1024x1024.png\" alt=\"\" class=\"wp-image-673 size-full\"\/><\/figure><div class=\"wp-block-media-text__content\">\n<div class=\"wp-block-group is-layout-flow wp-block-group-is-layout-flow\" style=\"padding-top:2em;padding-right:2em;padding-bottom:2em;padding-left:2em\">\n<p style=\"font-size:36px;line-height:1.2\"><strong><strong>Unser Ansatz<\/strong><\/strong><\/p>\n\n\n\n<p class=\"has-extra-small-font-size\">Bei uns ist der Fragenkatalog festgelegt und f\u00fcr jeden bekannt. Wir verstehen den Unterschied zwischen einem Discounter, einem Vollsortimenter und einem Nachbarschaftsladen \u2013 und wir wissen, nach welchen Regeln jeder von ihnen bewertet werden sollte. Denn jeder dieser M\u00e4rkte richtet sich an eine andere Zielgruppe. Und genau diese Unterschiede verstehen wir<\/p>\n<\/div>\n<\/div><\/div>\n\n\n\n<div id=\"wp-block-themeisle-blocks-advanced-columns-0082e7f2\" class=\"wp-block-themeisle-blocks-advanced-columns alignfull has-2-columns has-desktop-equal-layout has-tablet-equal-layout has-mobile-collapsedRows-layout has-vertical-unset\"><div class=\"wp-block-themeisle-blocks-advanced-columns-overlay\"><\/div><div class=\"innerblocks-wrap\">\n<div id=\"wp-block-themeisle-blocks-advanced-column-d3d8f5b4\" class=\"wp-block-themeisle-blocks-advanced-column has-light-bg\">\n<span id=\"wp-block-themeisle-blocks-advanced-heading-70698b89\" class=\"wp-block-themeisle-blocks-advanced-heading wp-block-themeisle-blocks-advanced-heading-70698b89\"><strong>Probiere selbst!<\/strong><\/span>\n\n\n\n<h2 id=\"wp-block-themeisle-blocks-advanced-heading-4ec6bdfb\" class=\"wp-block-themeisle-blocks-advanced-heading wp-block-themeisle-blocks-advanced-heading-4ec6bdfb\">Jetzt einen kostenlosen Bericht runterladen!<\/h2>\n<\/div>\n\n\n\n<div id=\"wp-block-themeisle-blocks-advanced-column-ebaf5fd9\" class=\"wp-block-themeisle-blocks-advanced-column has-dark-bg\">\n<div class=\"wp-block-buttons is-horizontal is-content-justification-center is-layout-flex wp-container-core-buttons-is-layout-03627597 wp-block-buttons-is-layout-flex\">\n<div class=\"wp-block-button has-custom-font-size is-style-primary\" style=\"font-size:15px\"><a class=\"wp-block-button__link has-text-color has-background has-link-color wp-element-button\" href=\"#\" style=\"border-radius:0px;color:#ffffff;background-color:#d7393e;padding-top:20px;padding-right:40px;padding-bottom:20px;padding-left:40px\">KOSTENLOSES BERICHT DOWNLOADEN<\/a><\/div>\n<\/div>\n<\/div>\n<\/div><\/div>\n\n\n\n<blockquote class=\"wp-block-quote is-layout-flow wp-block-quote-is-layout-flow\">\n<p><\/p>\n<\/blockquote>\n\n\n\n<p><\/p>\n","protected":false},"excerpt":{"rendered":"<p>Wie das funktioniert?<\/p>\n","protected":false},"author":1,"featured_media":0,"parent":0,"menu_order":0,"comment_status":"closed","ping_status":"closed","template":"","meta":{"_themeisle_gutenberg_block_has_review":false,"footnotes":""},"class_list":["post-38","page","type-page","status-publish","hentry"],"_links":{"self":[{"href":"https:\/\/benlogic.de\/index.php\/wp-json\/wp\/v2\/pages\/38","targetHints":{"allow":["GET"]}}],"collection":[{"href":"https:\/\/benlogic.de\/index.php\/wp-json\/wp\/v2\/pages"}],"about":[{"href":"https:\/\/benlogic.de\/index.php\/wp-json\/wp\/v2\/types\/page"}],"author":[{"embeddable":true,"href":"https:\/\/benlogic.de\/index.php\/wp-json\/wp\/v2\/users\/1"}],"replies":[{"embeddable":true,"href":"https:\/\/benlogic.de\/index.php\/wp-json\/wp\/v2\/comments?post=38"}],"version-history":[{"count":33,"href":"https:\/\/benlogic.de\/index.php\/wp-json\/wp\/v2\/pages\/38\/revisions"}],"predecessor-version":[{"id":79,"href":"https:\/\/benlogic.de\/index.php\/wp-json\/wp\/v2\/pages\/38\/revisions\/79"}],"wp:attachment":[{"href":"https:\/\/benlogic.de\/index.php\/wp-json\/wp\/v2\/media?parent=38"}],"curies":[{"name":"wp","href":"https:\/\/api.w.org\/{rel}","templated":true}]}}